{"id":274,"date":"2020-05-19T08:09:12","date_gmt":"2020-05-19T06:09:12","guid":{"rendered":"http:\/\/relaunch.beegfs.io\/?page_id=274"},"modified":"2025-01-22T09:14:20","modified_gmt":"2025-01-22T08:14:20","slug":"imprint","status":"publish","type":"page","link":"https:\/\/www.beegfs.io\/c\/imprint\/","title":{"rendered":"Imprint"},"content":{"rendered":"<div class=\"fusion-layout-column fusion_builder_column fusion_builder_column_1_1 fusion-builder-column-2 fusion-one-full fusion-column-first fusion-column-last 1_1\">\n<div class=\"fusion-column-wrapper\" data-bg-url=\"\">\n<div class=\"fusion-text\">\n<table>\n<tbody>\n<tr>\n<td width=\"91\">Address:<\/td>\n<td width=\"515\">ThinkParQ GmbH, Trippstadter Str. 113, 67663 Kaiserslautern, Germany<\/td>\n<\/tr>\n<tr>\n<td width=\"91\">Phone:<\/td>\n<td width=\"515\">+49\u00a0631 277 576 300<\/td>\n<\/tr>\n<tr>\n<td width=\"91\">Email:<\/td>\n<td width=\"515\"><u>info@thinkparq.com<\/u><\/td>\n<\/tr>\n<tr>\n<td width=\"91\">MD:<\/td>\n<td width=\"515\">Frank Herold (CEO), Dr. Markus Rauch (CFO)<\/td>\n<\/tr>\n<tr>\n<td width=\"91\">VAT-ID-No.:<\/td>\n<td width=\"515\">DE 292001792<\/td>\n<\/tr>\n<tr>\n<td width=\"91\">Registered:<\/td>\n<td width=\"515\">Registergericht\u00a0Amtsgericht Kaiserslautern \/ HRB 31565<\/td>\n<\/tr>\n<\/tbody>\n<\/table>\n<\/div>\n<div class=\"fusion-sep-clear\"><\/div>\n<div class=\"fusion-separator fusion-full-width-sep sep-none\"><\/div>\n<div class=\"fusion-text\">\n<p><strong>Liability:<\/strong>\u00a0Please note that \u2013 even though we carefully check contents \u2013 we are not liable for the contents of external links. Only the provider is responsible for its website\u2019s contents, as we have no influence on the information given there. In case of any doubt we will delete the external link concerned. Download or printout of contents is only allowed for personal purposes. Any commercial distribution or duplication is prohibited \u2013 unless a prior written permission has been applied for to and granted by ThinkParQ GmbH. Copyright by ThinkParQ GmbH on all published information on our homepage (according to German law).<\/p>\n<p>Picture source: ThinkParQ, istockphoto fotolia<\/p>\n<\/div>\n<div class=\"fusion-text\">\n<p>Design, Concept &amp; Implementation K1a Das Kommunikationswerk GmbH &amp; Co KG www.k1a.de<\/p>\n<\/div>\n<div class=\"fusion-clearfix\"><\/div>\n<\/div>\n<\/div>\n<div class=\"fusion-layout-column fusion_builder_column fusion_builder_column_1_1 fusion-builder-column-3 fusion-one-full fusion-column-first fusion-column-last 1_1\">\n<div class=\"fusion-column-wrapper\" data-bg-url=\"\">\n<div class=\"fusion-text\">\n<table>\n<tbody>\n<tr>\n<td width=\"168\">Anschrift:<\/td>\n<td width=\"439\">ThinkParQ GmbH, Trippstadter Str. 113, 67663 Kaiserslautern, Deutschland<\/td>\n<\/tr>\n<tr>\n<td width=\"168\">Tel.:<\/td>\n<td width=\"439\">+49\u00a0631 277 576 300<\/td>\n<\/tr>\n<tr>\n<td width=\"168\">Email:<\/td>\n<td width=\"439\"><u>info@thinkparq.com<\/u><\/td>\n<\/tr>\n<tr>\n<td width=\"168\">Gesch\u00e4ftsf\u00fchrer:<\/td>\n<td width=\"439\">Frank Herold (CEO), Dr. Markus Rauch (CFO)<\/td>\n<\/tr>\n<tr>\n<td width=\"168\">Umsatzsteuer-Ident-Nr.:<\/td>\n<td width=\"439\">DE 292001792<\/td>\n<\/tr>\n<tr>\n<td width=\"168\">Handelsregister:<\/td>\n<td width=\"439\">Registergericht\u00a0Amtsgericht Kaiserslautern \/ HRB 31565<\/td>\n<\/tr>\n<\/tbody>\n<\/table>\n<\/div>\n<div class=\"fusion-sep-clear\"><\/div>\n<div class=\"fusion-separator fusion-full-width-sep sep-none\"><\/div>\n<div class=\"fusion-text\">\n<p><strong>Haftungshinweis:<\/strong>\u00a0F\u00fcr die Inhalte externer Links \u00fcbernehmen wir \u2013 trotz sorgf\u00e4ltiger inhaltlicher Kontrolle \u2013 keine Haftung. F\u00fcr den Inhalt der verlinkten Seiten sind ausschlie\u00dflich deren Betreiber verantwortlich, da wir hierf\u00fcr keine Gew\u00e4hr \u00fcbernehmen k\u00f6nnen. Im Zweifelsfall werden wir den betreffenden Link l\u00f6schen. Ein Download oder Ausdruck der Inhalte ist ausschlie\u00dflich f\u00fcr den pers\u00f6nlichen Gebrauch gestattet. Die kommerzielle Nutzung und Verbreitung der Informationen ist \u2013 ohne schriftliche Genehmigung durch die ThinkParQ GmbH \u2013 grunds\u00e4tzlich nicht gestattet. Die Urheberrechte dieser Webseite liegen vollst\u00e4ndig bei der ThinkParQ GmbH. Alle\u00a0Rechte\u00a0vorbehalten.<\/p>\n<p>Bildquelle: ThinkParQ, istoclphoto, fotolia<\/p>\n<\/div>\n<div class=\"fusion-text\">\n<p>Design, Konzept &amp; Programmierung K1a Das Kommunikationswerk GmbH &amp; Co KG www.k1a.de<\/p>\n<\/div>\n<\/div>\n<\/div>\n","protected":false},"excerpt":{"rendered":"<p>Address: ThinkParQ GmbH, Trippstadter Str. 113, 67663 Kaiserslautern, Germany Phone: +49\u00a0631 277 576 300 Email: info@thinkparq.com MD: Frank Herold (CEO), Dr. Markus Rauch (CFO) VAT-ID-No.: DE 292001792 Registered: Registergericht\u00a0Amtsgericht Kaiserslautern \/ HRB 31565 Liability:\u00a0Please note that \u2013 even though we carefully check contents \u2013 we are not liable for <a href=\"https:\/\/www.beegfs.io\/c\/imprint\/\"> <span>Read More<\/span><\/a><\/p>\n","protected":false},"author":1,"featured_media":0,"parent":0,"menu_order":0,"comment_status":"closed","ping_status":"closed","template":"","meta":{"_acf_changed":false,"footnotes":""},"class_list":["post-274","page","type-page","status-publish","hentry"],"acf":[],"yoast_head":"<!-- This site is optimized with the Yoast SEO plugin v27.4 - https:\/\/yoast.com\/product\/yoast-seo-wordpress\/ -->\n<title>Imprint - BeeGFS - The Leading Parallel Cluster File System<\/title>\n<meta name=\"robots\" content=\"index, follow, max-snippet:-1, max-image-preview:large, max-video-preview:-1\" \/>\n<link rel=\"canonical\" href=\"https:\/\/www.beegfs.io\/c\/imprint\/\" \/>\n<meta property=\"og:locale\" content=\"en_US\" \/>\n<meta property=\"og:type\" content=\"article\" \/>\n<meta property=\"og:title\" content=\"Imprint - BeeGFS - The Leading Parallel Cluster File System\" \/>\n<meta property=\"og:description\" content=\"Address: ThinkParQ GmbH, Trippstadter Str. 113, 67663 Kaiserslautern, Germany Phone: +49\u00a0631 277 576 300 Email: info@thinkparq.com MD: Frank Herold (CEO), Dr. Markus Rauch (CFO) VAT-ID-No.: DE 292001792 Registered: Registergericht\u00a0Amtsgericht Kaiserslautern \/ HRB 31565 Liability:\u00a0Please note that \u2013 even though we carefully check contents \u2013 we are not liable for Read More\" \/>\n<meta property=\"og:url\" content=\"https:\/\/www.beegfs.io\/c\/imprint\/\" \/>\n<meta property=\"og:site_name\" content=\"BeeGFS - The Leading Parallel Cluster File System\" \/>\n<meta property=\"article:modified_time\" content=\"2025-01-22T08:14:20+00:00\" \/>\n<meta name=\"twitter:card\" content=\"summary_large_image\" \/>\n<meta name=\"twitter:label1\" content=\"Est. reading time\" \/>\n\t<meta name=\"twitter:data1\" content=\"2 minutes\" \/>\n<script type=\"application\/ld+json\" class=\"yoast-schema-graph\">{\"@context\":\"https:\\\/\\\/schema.org\",\"@graph\":[{\"@type\":\"WebPage\",\"@id\":\"https:\\\/\\\/www.beegfs.io\\\/c\\\/imprint\\\/\",\"url\":\"https:\\\/\\\/www.beegfs.io\\\/c\\\/imprint\\\/\",\"name\":\"Imprint - BeeGFS - The Leading Parallel Cluster File System\",\"isPartOf\":{\"@id\":\"https:\\\/\\\/www.beegfs.io\\\/c\\\/#website\"},\"datePublished\":\"2020-05-19T06:09:12+00:00\",\"dateModified\":\"2025-01-22T08:14:20+00:00\",\"breadcrumb\":{\"@id\":\"https:\\\/\\\/www.beegfs.io\\\/c\\\/imprint\\\/#breadcrumb\"},\"inLanguage\":\"en-US\",\"potentialAction\":[{\"@type\":\"ReadAction\",\"target\":[\"https:\\\/\\\/www.beegfs.io\\\/c\\\/imprint\\\/\"]}]},{\"@type\":\"BreadcrumbList\",\"@id\":\"https:\\\/\\\/www.beegfs.io\\\/c\\\/imprint\\\/#breadcrumb\",\"itemListElement\":[{\"@type\":\"ListItem\",\"position\":1,\"name\":\"Home\",\"item\":\"https:\\\/\\\/www.beegfs.io\\\/c\\\/\"},{\"@type\":\"ListItem\",\"position\":2,\"name\":\"Imprint\"}]},{\"@type\":\"WebSite\",\"@id\":\"https:\\\/\\\/www.beegfs.io\\\/c\\\/#website\",\"url\":\"https:\\\/\\\/www.beegfs.io\\\/c\\\/\",\"name\":\"BeeGFS - The Leading Parallel Cluster File System\",\"description\":\"\",\"potentialAction\":[{\"@type\":\"SearchAction\",\"target\":{\"@type\":\"EntryPoint\",\"urlTemplate\":\"https:\\\/\\\/www.beegfs.io\\\/c\\\/?s={search_term_string}\"},\"query-input\":{\"@type\":\"PropertyValueSpecification\",\"valueRequired\":true,\"valueName\":\"search_term_string\"}}],\"inLanguage\":\"en-US\"}]}<\/script>\n<!-- \/ Yoast SEO plugin. -->","yoast_head_json":{"title":"Imprint - BeeGFS - The Leading Parallel Cluster File System","robots":{"index":"index","follow":"follow","max-snippet":"max-snippet:-1","max-image-preview":"max-image-preview:large","max-video-preview":"max-video-preview:-1"},"canonical":"https:\/\/www.beegfs.io\/c\/imprint\/","og_locale":"en_US","og_type":"article","og_title":"Imprint - BeeGFS - The Leading Parallel Cluster File System","og_description":"Address: ThinkParQ GmbH, Trippstadter Str. 113, 67663 Kaiserslautern, Germany Phone: +49\u00a0631 277 576 300 Email: info@thinkparq.com MD: Frank Herold (CEO), Dr. Markus Rauch (CFO) VAT-ID-No.: DE 292001792 Registered: Registergericht\u00a0Amtsgericht Kaiserslautern \/ HRB 31565 Liability:\u00a0Please note that \u2013 even though we carefully check contents \u2013 we are not liable for Read More","og_url":"https:\/\/www.beegfs.io\/c\/imprint\/","og_site_name":"BeeGFS - The Leading Parallel Cluster File System","article_modified_time":"2025-01-22T08:14:20+00:00","twitter_card":"summary_large_image","twitter_misc":{"Est. reading time":"2 minutes"},"schema":{"@context":"https:\/\/schema.org","@graph":[{"@type":"WebPage","@id":"https:\/\/www.beegfs.io\/c\/imprint\/","url":"https:\/\/www.beegfs.io\/c\/imprint\/","name":"Imprint - BeeGFS - The Leading Parallel Cluster File System","isPartOf":{"@id":"https:\/\/www.beegfs.io\/c\/#website"},"datePublished":"2020-05-19T06:09:12+00:00","dateModified":"2025-01-22T08:14:20+00:00","breadcrumb":{"@id":"https:\/\/www.beegfs.io\/c\/imprint\/#breadcrumb"},"inLanguage":"en-US","potentialAction":[{"@type":"ReadAction","target":["https:\/\/www.beegfs.io\/c\/imprint\/"]}]},{"@type":"BreadcrumbList","@id":"https:\/\/www.beegfs.io\/c\/imprint\/#breadcrumb","itemListElement":[{"@type":"ListItem","position":1,"name":"Home","item":"https:\/\/www.beegfs.io\/c\/"},{"@type":"ListItem","position":2,"name":"Imprint"}]},{"@type":"WebSite","@id":"https:\/\/www.beegfs.io\/c\/#website","url":"https:\/\/www.beegfs.io\/c\/","name":"BeeGFS - The Leading Parallel Cluster File System","description":"","potentialAction":[{"@type":"SearchAction","target":{"@type":"EntryPoint","urlTemplate":"https:\/\/www.beegfs.io\/c\/?s={search_term_string}"},"query-input":{"@type":"PropertyValueSpecification","valueRequired":true,"valueName":"search_term_string"}}],"inLanguage":"en-US"}]}},"_links":{"self":[{"href":"https:\/\/www.beegfs.io\/c\/wp-json\/wp\/v2\/pages\/274","targetHints":{"allow":["GET"]}}],"collection":[{"href":"https:\/\/www.beegfs.io\/c\/wp-json\/wp\/v2\/pages"}],"about":[{"href":"https:\/\/www.beegfs.io\/c\/wp-json\/wp\/v2\/types\/page"}],"author":[{"embeddable":true,"href":"https:\/\/www.beegfs.io\/c\/wp-json\/wp\/v2\/users\/1"}],"replies":[{"embeddable":true,"href":"https:\/\/www.beegfs.io\/c\/wp-json\/wp\/v2\/comments?post=274"}],"version-history":[{"count":6,"href":"https:\/\/www.beegfs.io\/c\/wp-json\/wp\/v2\/pages\/274\/revisions"}],"predecessor-version":[{"id":3595,"href":"https:\/\/www.beegfs.io\/c\/wp-json\/wp\/v2\/pages\/274\/revisions\/3595"}],"wp:attachment":[{"href":"https:\/\/www.beegfs.io\/c\/wp-json\/wp\/v2\/media?parent=274"}],"curies":[{"name":"wp","href":"https:\/\/api.w.org\/{rel}","templated":true}]}}